{"id":17283,"date":"2023-11-04T09:23:31","date_gmt":"2023-11-04T09:23:31","guid":{"rendered":"https:\/\/ghatapartments.com\/politique-de-confidentialite-et-cookies\/"},"modified":"2024-02-01T17:47:35","modified_gmt":"2024-02-01T17:47:35","slug":"politique-de-confidentialite-et-cookies","status":"publish","type":"page","link":"https:\/\/ghatapartments.com\/fr\/politique-de-confidentialite-et-cookies\/","title":{"rendered":"Politique de confidentialit\u00e9 et cookies"},"content":{"rendered":"[vc_row type=\u00a0\u00bbin_container\u00a0\u00bb full_screen_row_position=\u00a0\u00bbmiddle\u00a0\u00bb column_margin=\u00a0\u00bbdefault\u00a0\u00bb column_direction=\u00a0\u00bbdefault\u00a0\u00bb column_direction_tablet=\u00a0\u00bbdefault\u00a0\u00bb column_direction_phone=\u00a0\u00bbdefault\u00a0\u00bb scene_position=\u00a0\u00bbcenter\u00a0\u00bb text_color=\u00a0\u00bbdark\u00a0\u00bb text_align=\u00a0\u00bbleft\u00a0\u00bb row_border_radius=\u00a0\u00bbnone\u00a0\u00bb row_border_radius_applies=\u00a0\u00bbbg\u00a0\u00bb overflow=\u00a0\u00bbvisible\u00a0\u00bb overlay_strength=\u00a0\u00bb0.3&Prime; gradient_direction=\u00a0\u00bbleft_to_right\u00a0\u00bb shape_divider_position=\u00a0\u00bbbottom\u00a0\u00bb bg_image_animation=\u00a0\u00bbnone\u00a0\u00bb][vc_column column_padding=\u00a0\u00bbno-extra-padding\u00a0\u00bb column_padding_tablet=\u00a0\u00bbinherit\u00a0\u00bb column_padding_phone=\u00a0\u00bbinherit\u00a0\u00bb column_padding_position=\u00a0\u00bball\u00a0\u00bb column_element_direction_desktop=\u00a0\u00bbdefault\u00a0\u00bb column_element_spacing=\u00a0\u00bbdefault\u00a0\u00bb desktop_text_alignment=\u00a0\u00bbdefault\u00a0\u00bb tablet_text_alignment=\u00a0\u00bbdefault\u00a0\u00bb phone_text_alignment=\u00a0\u00bbdefault\u00a0\u00bb background_color_opacity=\u00a0\u00bb1&Prime; background_hover_color_opacity=\u00a0\u00bb1&Prime; column_backdrop_filter=\u00a0\u00bbnone\u00a0\u00bb column_shadow=\u00a0\u00bbnone\u00a0\u00bb column_border_radius=\u00a0\u00bbnone\u00a0\u00bb column_link_target=\u00a0\u00bb_self\u00a0\u00bb column_position=\u00a0\u00bbdefault\u00a0\u00bb gradient_direction=\u00a0\u00bbleft_to_right\u00a0\u00bb overlay_strength=\u00a0\u00bb0.3&Prime; width=\u00a0\u00bb1\/1&Prime; tablet_width_inherit=\u00a0\u00bbdefault\u00a0\u00bb animation_type=\u00a0\u00bbdefault\u00a0\u00bb bg_image_animation=\u00a0\u00bbnone\u00a0\u00bb border_type=\u00a0\u00bbsimple\u00a0\u00bb column_border_width=\u00a0\u00bbnone\u00a0\u00bb column_border_style=\u00a0\u00bbsolid\u00a0\u00bb][vc_column_text css=\u00a0\u00bb.vc_custom_1456420948972{padding-bottom: 25px !important;}\u00a0\u00bb]\n<h3>Avis juridique<\/h3>\n[\/vc_column_text][vc_column_text]\n<p><strong>Entreprise :<\/strong> Grup Claris 2008 SL<br \/>\n<strong>Adresse : <\/strong>Calle Portal Nou 31, Barcelona<br \/>\n<strong>NUM\u00c9RO DE TVA :<\/strong> B66330473<br \/>\n<strong>Courrier \u00e9lectronique :<\/strong> info@ghatapartments.com<\/p>\n[\/vc_column_text][divider line_type=\u00a0\u00bbFull Width Line\u00a0\u00bb line_thickness=\u00a0\u00bb1&Prime; divider_color=\u00a0\u00bbdefault\u00a0\u00bb custom_height=\u00a0\u00bb40&Prime;][vc_column_text]\n<h4><strong>Objet<\/strong><\/h4>\n<p>Grup Claris 2008 SL, responsable du site web, met \u00e0 la disposition des utilisateurs le pr\u00e9sent document dans le but de respecter les obligations \u00e9tablies par la loi 34\/2002 sur les services de la soci\u00e9t\u00e9 de l&rsquo;information et le commerce \u00e9lectronique (LSSI-CE), ainsi que d&rsquo;informer tous les utilisateurs du site web des conditions d&rsquo;utilisation de celui-ci.<\/p>\n<p>Toute personne acc\u00e9dant \u00e0 ce site web assume le r\u00f4le d&rsquo;utilisateur et s&rsquo;engage \u00e0 observer et \u00e0 respecter strictement les dispositions du pr\u00e9sent document, ainsi que toute autre disposition l\u00e9gale applicable.<\/p>\n<p>Grup Claris 2008 SL se r\u00e9serve le droit de modifier tout type d&rsquo;information pouvant figurer sur le site web, sans obligation de pr\u00e9avis ni d&rsquo;informer les utilisateurs de ces obligations, la publication sur le site web de Grup Claris 2008 SL \u00e9tant consid\u00e9r\u00e9e comme suffisante.[\/vc_column_text][divider line_type=\u00a0\u00bbFull Width Line\u00a0\u00bb line_thickness=\u00a0\u00bb1&Prime; divider_color=\u00a0\u00bbdefault\u00a0\u00bb custom_height=\u00a0\u00bb40&Prime;][vc_column_text]\n<h3>Cookies<\/h3>\n<p><strong>Responsabilit\u00e9<\/strong><\/p>\n<p>Grup Claris 2008 SL est exempt de tout type de responsabilit\u00e9 d\u00e9riv\u00e9e de l&rsquo;information publi\u00e9e sur son site web, \u00e0 condition que cette information ait \u00e9t\u00e9 manipul\u00e9e ou introduite par un tiers externe \u00e0 ce dernier.<\/p>\n<p>Le site web de Grup Claris 2008 SL peut utiliser des cookies (petits fichiers d&rsquo;information que le serveur envoie \u00e0 l&rsquo;ordinateur de la personne qui acc\u00e8de \u00e0 la page) pour r\u00e9aliser certaines fonctions consid\u00e9r\u00e9es comme essentielles au bon fonctionnement et \u00e0 la visualisation du site. Les cookies utilis\u00e9s sur le site sont, en tout \u00e9tat de cause, de nature temporaire dans le seul but de rendre plus efficace la transmission ult\u00e9rieure et disparaissent \u00e0 la fin de la session de l&rsquo;utilisateur. Les cookies ne sont en aucun cas utilis\u00e9s pour collecter des informations personnelles.<\/p>\n<p>\u00c0 partir du site web du client, il est possible que vous soyez redirig\u00e9 vers le contenu de sites web de tiers. \u00c9tant donn\u00e9 que Grup Claris 2008 SL ne peut pas toujours contr\u00f4ler les contenus introduits par des tiers sur ses sites web, il n&rsquo;assume aucun type de responsabilit\u00e9 quant \u00e0 ces contenus. Dans tous les cas, Grup Claris 2008 SL d\u00e9clare qu&rsquo;il retirera imm\u00e9diatement tout contenu susceptible de contrevenir \u00e0 la l\u00e9gislation nationale ou internationale, \u00e0 la morale ou \u00e0 l&rsquo;ordre public, en supprimant imm\u00e9diatement la redirection vers ledit site web et en informant les autorit\u00e9s comp\u00e9tentes du contenu en question.<\/p>\n<p>Grup Claris 2008 SL n&rsquo;est pas responsable des informations et des contenus stock\u00e9s, y compris, mais sans s&rsquo;y limiter, dans les forums, les chats, les g\u00e9n\u00e9rateurs de blogs, les commentaires, les r\u00e9seaux sociaux ou tout autre moyen permettant \u00e0 des tiers de publier des contenus de mani\u00e8re ind\u00e9pendante sur le site Web de Grup Claris 2008 SL. N\u00e9anmoins, et conform\u00e9ment aux dispositions des articles 11 et 16 de la LSSI-CE, Grup Claris 2008 SL se met \u00e0 la disposition de tous les utilisateurs, des autorit\u00e9s et des forces de s\u00e9curit\u00e9, et collabore activement au retrait ou au blocage de tous les contenus susceptibles d&rsquo;affecter ou de contrevenir \u00e0 la l\u00e9gislation nationale ou internationale, aux droits de tiers ou \u00e0 la morale et \u00e0 l&rsquo;ordre public. Si l&rsquo;utilisateur consid\u00e8re qu&rsquo;il existe un contenu sur le site web susceptible d&rsquo;\u00eatre class\u00e9 dans cette cat\u00e9gorie, il est pri\u00e9 d&rsquo;en informer imm\u00e9diatement l&rsquo;administrateur du site web.<\/p>\n<p>Ce site web a \u00e9t\u00e9 revu et test\u00e9 afin de s&rsquo;assurer qu&rsquo;il fonctionne correctement. En principe, le bon fonctionnement peut \u00eatre garanti 365 jours par an, 24 heures par jour. Cependant, Grup Claris 2008 SL n&rsquo;exclut pas la possibilit\u00e9 de l&rsquo;existence de certaines erreurs de programmation, ni la survenance de cas de force majeure, de catastrophes naturelles, de gr\u00e8ves ou de circonstances similaires qui rendent l&rsquo;acc\u00e8s au site web impossible.<\/p>\n<h3><\/h3>\n[\/vc_column_text][divider line_type=\u00a0\u00bbFull Width Line\u00a0\u00bb line_thickness=\u00a0\u00bb1&Prime; divider_color=\u00a0\u00bbdefault\u00a0\u00bb custom_height=\u00a0\u00bb40&Prime;][vc_column_text]\n<h3><strong>Vie priv\u00e9e<\/strong><\/h3>\n<p><strong>Protection des donn\u00e9es personnelles<\/strong><\/p>\n<p>Grup Claris 2008 SL s&rsquo;engage \u00e0 respecter la l\u00e9gislation espagnole en mati\u00e8re de protection des donn\u00e9es \u00e0 caract\u00e8re personnel et garantit le plein respect des obligations \u00e9tablies, ainsi que l&rsquo;application des mesures de s\u00e9curit\u00e9 pr\u00e9vues \u00e0 l&rsquo;article 9 de la loi 15\/1999 sur la protection des donn\u00e9es \u00e0 caract\u00e8re personnel (LOPD) et dans le r\u00e8glement pour le d\u00e9veloppement de la LOPD.<\/p>\n<p class=\"p2\">Grup Claris 2008 SL informe les utilisateurs du site web de sa politique en mati\u00e8re de traitement et de protection des donn\u00e9es personnelles des utilisateurs et des clients qui peuvent \u00eatre collect\u00e9es en naviguant ou en contractant des services \u00e0 travers son site web.<\/p>\n<p class=\"p3\">En ce sens, Grup Claris 2008 SL<b> <\/b>garantit le respect de la l\u00e9gislation en vigueur en mati\u00e8re de protection des donn\u00e9es \u00e0 caract\u00e8re personnel, refl\u00e9t\u00e9e dans la loi organique 15\/1999 du 13 d\u00e9cembre sur la protection des donn\u00e9es \u00e0 caract\u00e8re personnel et dans le d\u00e9cret royal 1720\/2007 du 21 d\u00e9cembre, qui approuve le r\u00e8glement relatif au d\u00e9veloppement de la LOPD.<\/p>\n<p class=\"p3\">L&rsquo;utilisation de ce site web implique l&rsquo;acceptation de cette politique de confidentialit\u00e9.<\/p>\n[\/vc_column_text][divider line_type=\u00a0\u00bbFull Width Line\u00a0\u00bb line_thickness=\u00a0\u00bb1&Prime; divider_color=\u00a0\u00bbdefault\u00a0\u00bb custom_height=\u00a0\u00bb40&Prime;][vc_column_text]\n<p class=\"p3\"><b>Collecte, finalit\u00e9 et traitement des donn\u00e9es<\/b><\/p>\n<p class=\"p3\">Grup Claris 2008 SL a le devoir d&rsquo;informer les utilisateurs de son site web de la collecte de donn\u00e9es personnelles qui peut \u00eatre r\u00e9alis\u00e9e, soit par l&rsquo;envoi de courriers \u00e9lectroniques, soit en remplissant les formulaires inclus dans le site web. En ce sens, Grup Claris 2008 SL<b> <\/b>est responsable des donn\u00e9es collect\u00e9es par les moyens d\u00e9crits ci-dessus.<\/p>\n<p class=\"p3\">De son c\u00f4t\u00e9, Grup Claris 2008 SL informe les utilisateurs que la finalit\u00e9 du traitement des donn\u00e9es collect\u00e9es comprend : La prise en compte des demandes formul\u00e9es par les utilisateurs, l&rsquo;inclusion dans l&rsquo;agenda de contact, la prestation de services, la gestion de la relation commerciale et l&rsquo;envoi de communications de la part de Grup Claris 2008 SL et de ses clients.<\/p>\n<p class=\"p3\">Les op\u00e9rations, la gestion et les proc\u00e9dures techniques effectu\u00e9es de mani\u00e8re automatis\u00e9e ou non et qui permettent la collecte, le stockage, la modification, le transfert et d&rsquo;autres actions sur les donn\u00e9es \u00e0 caract\u00e8re personnel sont consid\u00e9r\u00e9es comme un traitement des donn\u00e9es \u00e0 caract\u00e8re personnel.<\/p>\n<p class=\"p3\">Toutes les donn\u00e9es personnelles collect\u00e9es \u00e0 travers le site web de Grup Claris 2008 SL, et donc consid\u00e9r\u00e9es comme un traitement de donn\u00e9es personnelles, seront incluses dans les fichiers d\u00e9clar\u00e9s par Grup Claris 2008 SL.<\/p>\n[\/vc_column_text][divider line_type=\u00a0\u00bbFull Width Line\u00a0\u00bb line_thickness=\u00a0\u00bb1&Prime; divider_color=\u00a0\u00bbdefault\u00a0\u00bb custom_height=\u00a0\u00bb40&Prime;][vc_column_text]\n<p class=\"p3\"><b>Communication d&rsquo;informations \u00e0 des tiers  <\/b><\/p>\n<p class=\"p3\">Grup Claris 2008 SL informe les utilisateurs que leurs donn\u00e9es personnelles ne seront pas transf\u00e9r\u00e9es \u00e0 des organisations tierces, sauf si ce transfert de donn\u00e9es est couvert par une obligation l\u00e9gale ou si la prestation d&rsquo;un service implique la n\u00e9cessit\u00e9 d&rsquo;une relation contractuelle avec un responsable du traitement des donn\u00e9es. Dans ce dernier cas, les donn\u00e9es ne seront transf\u00e9r\u00e9es au tiers que lorsque Grup Claris 2008 SL.<b> <\/b>a le consentement explicite de l&rsquo;utilisateur.<\/p>\n[\/vc_column_text][divider line_type=\u00a0\u00bbFull Width Line\u00a0\u00bb line_thickness=\u00a0\u00bb1&Prime; divider_color=\u00a0\u00bbdefault\u00a0\u00bb custom_height=\u00a0\u00bb40&Prime;][vc_column_text]\n<p class=\"p3\"><b>Droits de l&rsquo;utilisateur  <\/b><\/p>\n<p class=\"p3\">La loi organique 15\/1999 du 13 d\u00e9cembre 1999 sur la protection des donn\u00e9es \u00e0 caract\u00e8re personnel donne aux personnes concern\u00e9es la possibilit\u00e9 d&rsquo;exercer une s\u00e9rie de droits li\u00e9s au traitement de leurs donn\u00e9es personnelles.<\/p>\n<p class=\"p3\">Dans la mesure o\u00f9 les donn\u00e9es de l&rsquo;utilisateur sont trait\u00e9es par Grup Claris 2008 SL. Les utilisateurs peuvent exercer leurs droits d&rsquo;acc\u00e8s, de rectification, d&rsquo;annulation et d&rsquo;opposition conform\u00e9ment aux dispositions de la l\u00e9gislation en vigueur en mati\u00e8re de protection des donn\u00e9es personnelles.<\/p>\n<p class=\"p3\">Pour exercer ces droits, l&rsquo;utilisateur doit contacter Grup Claris 2008 SL par \u00e9crit, en fournissant une preuve d&rsquo;identit\u00e9 (carte d&rsquo;identit\u00e9 ou passeport).<b> <\/b>Cette communication doit contenir les informations suivantes : le nom et le pr\u00e9nom de l&rsquo;utilisateur, la demande, l&rsquo;adresse et les donn\u00e9es justificatives.<\/p>\n<p class=\"p3\">L&rsquo;exercice des droits doit \u00eatre effectu\u00e9 par l&rsquo;utilisateur lui-m\u00eame. Toutefois, ils peuvent \u00eatre ex\u00e9cut\u00e9s par une personne autoris\u00e9e en tant que repr\u00e9sentant l\u00e9gal de la personne autoris\u00e9e. Dans ce cas, des documents doivent \u00eatre fournis pour prouver la repr\u00e9sentation de l&rsquo;int\u00e9ress\u00e9.<\/p>\n[\/vc_column_text][divider line_type=\u00a0\u00bbFull Width Line\u00a0\u00bb line_thickness=\u00a0\u00bb1&Prime; divider_color=\u00a0\u00bbdefault\u00a0\u00bb custom_height=\u00a0\u00bb40&Prime;][vc_column_text]\n<h3 class=\"p3\">Propri\u00e9t\u00e9 intellectuelle<\/h3>\n<p><strong>Propri\u00e9t\u00e9 intellectuelle et industrielle<\/strong><\/p>\n<p>Le site Web, y compris, mais sans s&rsquo;y limiter, sa programmation, son \u00e9dition, sa compilation et les autres \u00e9l\u00e9ments n\u00e9cessaires \u00e0 son fonctionnement, les conceptions, les logos, les textes et\/ou les graphiques sont la propri\u00e9t\u00e9 de Grup Claris 2008 SL ou, le cas \u00e9ch\u00e9ant, b\u00e9n\u00e9ficient d&rsquo;une licence ou d&rsquo;une autorisation expresse de la part des auteurs. Tous les contenus du site web sont d\u00fbment prot\u00e9g\u00e9s par la r\u00e9glementation en mati\u00e8re de propri\u00e9t\u00e9 intellectuelle et industrielle, et sont inscrits dans les registres publics correspondants.<\/p>\n<p>Ind\u00e9pendamment de la finalit\u00e9 pour laquelle ils ont \u00e9t\u00e9 con\u00e7us, la reproduction, l&rsquo;utilisation, l&rsquo;exploitation, la distribution et la commercialisation, totales ou partielles, requi\u00e8rent dans tous les cas l&rsquo;autorisation \u00e9crite pr\u00e9alable de Grup Claris 2008 SL. Toute utilisation non autoris\u00e9e au pr\u00e9alable par Grup Claris 2008 SL sera consid\u00e9r\u00e9e comme une violation grave des droits de propri\u00e9t\u00e9 intellectuelle ou industrielle de l&rsquo;auteur.<\/p>\n<p>Les dessins, logos, textes et\/ou graphiques qui n&rsquo;appartiennent pas \u00e0 Grup Claris 2008 SL et qui peuvent appara\u00eetre sur le site web appartiennent \u00e0 leurs propri\u00e9taires respectifs, qui sont responsables de toute \u00e9ventuelle controverse pouvant survenir \u00e0 leur sujet. Dans tous les cas, Grup Claris 2008 SL dispose de l&rsquo;autorisation pr\u00e9alable expresse de ce dernier.<\/p>\n<p>Grup Claris 2008 SL autorise express\u00e9ment les tiers \u00e0 rediriger directement vers les contenus sp\u00e9cifiques du site web, qui doivent dans tous les cas rediriger vers le site web principal de Grup Claris 2008 SL.<\/p>\n<p>Grup Claris 2008 SL reconna\u00eet en faveur de ses propri\u00e9taires les droits de propri\u00e9t\u00e9 industrielle et intellectuelle correspondants, et la simple mention ou apparition sur le site web n&rsquo;implique pas l&rsquo;existence de droits ou de responsabilit\u00e9s de Grup Claris 2008 SL sur ces derniers, ni l&rsquo;approbation, le parrainage ou la recommandation de ces derniers.<\/p>\n<p>Pour faire des commentaires sur d&rsquo;\u00e9ventuelles violations des droits de propri\u00e9t\u00e9 intellectuelle ou industrielle, ainsi que sur n&rsquo;importe quel contenu du site web, vous pouvez envoyer un courrier \u00e9lectronique \u00e0 l&rsquo;adresse suivante : admin@evinsights.co.[\/vc_column_text][divider line_type=\u00a0\u00bbFull Width Line\u00a0\u00bb line_thickness=\u00a0\u00bb1&Prime; divider_color=\u00a0\u00bbdefault\u00a0\u00bb custom_height=\u00a0\u00bb40&Prime;][vc_column_text]\n<p><strong>Droit applicable et juridiction<\/strong><\/p>\n<p>Pour la r\u00e9solution de tous les litiges ou questions li\u00e9s \u00e0 ce site web ou aux activit\u00e9s qui y sont men\u00e9es, la l\u00e9gislation espagnole s&rsquo;applique, \u00e0 laquelle les parties se soumettent express\u00e9ment, et les Cours et Tribunaux de Barcelone sont comp\u00e9tents pour la r\u00e9solution de tous les litiges d\u00e9coulant de son utilisation ou li\u00e9s \u00e0 celle-ci.<\/p>\n[\/vc_column_text][\/vc_column][\/vc_row]\n","protected":false},"excerpt":{"rendered":"<p>[vc_row type=\u00a0\u00bbin_container\u00a0\u00bb full_screen_row_position=\u00a0\u00bbmiddle\u00a0\u00bb column_margin=\u00a0\u00bbdefault\u00a0\u00bb column_direction=\u00a0\u00bbdefault\u00a0\u00bb column_direction_tablet=\u00a0\u00bbdefault\u00a0\u00bb column_direction_phone=\u00a0\u00bbdefault\u00a0\u00bb scene_position=\u00a0\u00bbcenter\u00a0\u00bb text_color=\u00a0\u00bbdark\u00a0\u00bb text_align=\u00a0\u00bbleft\u00a0\u00bb row_border_radius=\u00a0\u00bbnone\u00a0\u00bb row_border_radius_applies=\u00a0\u00bbbg\u00a0\u00bb overflow=\u00a0\u00bbvisible\u00a0\u00bb overlay_strength=\u00a0\u00bb0.3&Prime; gradient_direction=\u00a0\u00bbleft_to_right\u00a0\u00bb shape_divider_position=\u00a0\u00bbbottom\u00a0\u00bb bg_image_animation=\u00a0\u00bbnone\u00a0\u00bb][vc_column column_padding=\u00a0\u00bbno-extra-padding\u00a0\u00bb&#8230;<\/p>\n","protected":false},"author":1,"featured_media":0,"parent":0,"menu_order":0,"comment_status":"closed","ping_status":"open","template":"","meta":{"_joinchat":[],"footnotes":""},"class_list":["post-17283","page","type-page","status-publish"],"yoast_head":"<!-- This site is optimized with the Yoast SEO Premium plugin v23.5 (Yoast SEO v27.2) - https:\/\/yoast.com\/product\/yoast-seo-premium-wordpress\/ -->\n<title>Politique de confidentialit\u00e9 et cookies - Ghat Apartments<\/title>\n<meta name=\"robots\" content=\"index, follow, max-snippet:-1, max-image-preview:large, max-video-preview:-1\" \/>\n<link rel=\"canonical\" href=\"https:\/\/ghatapartments.com\/fr\/politique-de-confidentialite-et-cookies\/\" \/>\n<meta property=\"og:locale\" content=\"fr_FR\" \/>\n<meta property=\"og:type\" content=\"article\" \/>\n<meta property=\"og:title\" content=\"Politique de confidentialit\u00e9 et cookies\" \/>\n<meta property=\"og:description\" content=\"[vc_row type=\u00a0\u00bbin_container\u00a0\u00bb full_screen_row_position=\u00a0\u00bbmiddle\u00a0\u00bb column_margin=\u00a0\u00bbdefault\u00a0\u00bb column_direction=\u00a0\u00bbdefault\u00a0\u00bb column_direction_tablet=\u00a0\u00bbdefault\u00a0\u00bb column_direction_phone=\u00a0\u00bbdefault\u00a0\u00bb scene_position=\u00a0\u00bbcenter\u00a0\u00bb text_color=\u00a0\u00bbdark\u00a0\u00bb text_align=\u00a0\u00bbleft\u00a0\u00bb row_border_radius=\u00a0\u00bbnone\u00a0\u00bb row_border_radius_applies=\u00a0\u00bbbg\u00a0\u00bb overflow=\u00a0\u00bbvisible\u00a0\u00bb overlay_strength=\u00a0\u00bb0.3&Prime; gradient_direction=\u00a0\u00bbleft_to_right\u00a0\u00bb shape_divider_position=\u00a0\u00bbbottom\u00a0\u00bb bg_image_animation=\u00a0\u00bbnone\u00a0\u00bb][vc_column column_padding=\u00a0\u00bbno-extra-padding\u00a0\u00bb...\" \/>\n<meta property=\"og:url\" content=\"https:\/\/ghatapartments.com\/fr\/politique-de-confidentialite-et-cookies\/\" \/>\n<meta property=\"og:site_name\" content=\"Ghat Apartments\" \/>\n<meta property=\"article:modified_time\" content=\"2024-02-01T17:47:35+00:00\" \/>\n<meta name=\"twitter:card\" content=\"summary_large_image\" \/>\n<meta name=\"twitter:label1\" content=\"Dur\u00e9e de lecture estim\u00e9e\" \/>\n\t<meta name=\"twitter:data1\" content=\"10 minutes\" \/>\n<script type=\"application\/ld+json\" class=\"yoast-schema-graph\">{\"@context\":\"https:\/\/schema.org\",\"@graph\":[{\"@type\":\"WebPage\",\"@id\":\"https:\/\/ghatapartments.com\/fr\/politique-de-confidentialite-et-cookies\/\",\"url\":\"https:\/\/ghatapartments.com\/fr\/politique-de-confidentialite-et-cookies\/\",\"name\":\"Politique de confidentialit\u00e9 et cookies - Ghat Apartments\",\"isPartOf\":{\"@id\":\"https:\/\/ghatapartments.com\/fr\/#website\"},\"datePublished\":\"2023-11-04T09:23:31+00:00\",\"dateModified\":\"2024-02-01T17:47:35+00:00\",\"breadcrumb\":{\"@id\":\"https:\/\/ghatapartments.com\/fr\/politique-de-confidentialite-et-cookies\/#breadcrumb\"},\"inLanguage\":\"fr-FR\",\"potentialAction\":[{\"@type\":\"ReadAction\",\"target\":[\"https:\/\/ghatapartments.com\/fr\/politique-de-confidentialite-et-cookies\/\"]}]},{\"@type\":\"BreadcrumbList\",\"@id\":\"https:\/\/ghatapartments.com\/fr\/politique-de-confidentialite-et-cookies\/#breadcrumb\",\"itemListElement\":[{\"@type\":\"ListItem\",\"position\":1,\"name\":\"Portada\",\"item\":\"https:\/\/ghatapartments.com\/fr\/\"},{\"@type\":\"ListItem\",\"position\":2,\"name\":\"Politique de confidentialit\u00e9 et cookies\"}]},{\"@type\":\"WebSite\",\"@id\":\"https:\/\/ghatapartments.com\/fr\/#website\",\"url\":\"https:\/\/ghatapartments.com\/fr\/\",\"name\":\"Ghat Apartments\",\"description\":\"\",\"potentialAction\":[{\"@type\":\"SearchAction\",\"target\":{\"@type\":\"EntryPoint\",\"urlTemplate\":\"https:\/\/ghatapartments.com\/fr\/?s={search_term_string}\"},\"query-input\":{\"@type\":\"PropertyValueSpecification\",\"valueRequired\":true,\"valueName\":\"search_term_string\"}}],\"inLanguage\":\"fr-FR\"}]}<\/script>\n<!-- \/ Yoast SEO Premium plugin. -->","yoast_head_json":{"title":"Politique de confidentialit\u00e9 et cookies - Ghat Apartments","robots":{"index":"index","follow":"follow","max-snippet":"max-snippet:-1","max-image-preview":"max-image-preview:large","max-video-preview":"max-video-preview:-1"},"canonical":"https:\/\/ghatapartments.com\/fr\/politique-de-confidentialite-et-cookies\/","og_locale":"fr_FR","og_type":"article","og_title":"Politique de confidentialit\u00e9 et cookies","og_description":"[vc_row type=\u00a0\u00bbin_container\u00a0\u00bb full_screen_row_position=\u00a0\u00bbmiddle\u00a0\u00bb column_margin=\u00a0\u00bbdefault\u00a0\u00bb column_direction=\u00a0\u00bbdefault\u00a0\u00bb column_direction_tablet=\u00a0\u00bbdefault\u00a0\u00bb column_direction_phone=\u00a0\u00bbdefault\u00a0\u00bb scene_position=\u00a0\u00bbcenter\u00a0\u00bb text_color=\u00a0\u00bbdark\u00a0\u00bb text_align=\u00a0\u00bbleft\u00a0\u00bb row_border_radius=\u00a0\u00bbnone\u00a0\u00bb row_border_radius_applies=\u00a0\u00bbbg\u00a0\u00bb overflow=\u00a0\u00bbvisible\u00a0\u00bb overlay_strength=\u00a0\u00bb0.3&Prime; gradient_direction=\u00a0\u00bbleft_to_right\u00a0\u00bb shape_divider_position=\u00a0\u00bbbottom\u00a0\u00bb bg_image_animation=\u00a0\u00bbnone\u00a0\u00bb][vc_column column_padding=\u00a0\u00bbno-extra-padding\u00a0\u00bb...","og_url":"https:\/\/ghatapartments.com\/fr\/politique-de-confidentialite-et-cookies\/","og_site_name":"Ghat Apartments","article_modified_time":"2024-02-01T17:47:35+00:00","twitter_card":"summary_large_image","twitter_misc":{"Dur\u00e9e de lecture estim\u00e9e":"10 minutes"},"schema":{"@context":"https:\/\/schema.org","@graph":[{"@type":"WebPage","@id":"https:\/\/ghatapartments.com\/fr\/politique-de-confidentialite-et-cookies\/","url":"https:\/\/ghatapartments.com\/fr\/politique-de-confidentialite-et-cookies\/","name":"Politique de confidentialit\u00e9 et cookies - Ghat Apartments","isPartOf":{"@id":"https:\/\/ghatapartments.com\/fr\/#website"},"datePublished":"2023-11-04T09:23:31+00:00","dateModified":"2024-02-01T17:47:35+00:00","breadcrumb":{"@id":"https:\/\/ghatapartments.com\/fr\/politique-de-confidentialite-et-cookies\/#breadcrumb"},"inLanguage":"fr-FR","potentialAction":[{"@type":"ReadAction","target":["https:\/\/ghatapartments.com\/fr\/politique-de-confidentialite-et-cookies\/"]}]},{"@type":"BreadcrumbList","@id":"https:\/\/ghatapartments.com\/fr\/politique-de-confidentialite-et-cookies\/#breadcrumb","itemListElement":[{"@type":"ListItem","position":1,"name":"Portada","item":"https:\/\/ghatapartments.com\/fr\/"},{"@type":"ListItem","position":2,"name":"Politique de confidentialit\u00e9 et cookies"}]},{"@type":"WebSite","@id":"https:\/\/ghatapartments.com\/fr\/#website","url":"https:\/\/ghatapartments.com\/fr\/","name":"Ghat Apartments","description":"","potentialAction":[{"@type":"SearchAction","target":{"@type":"EntryPoint","urlTemplate":"https:\/\/ghatapartments.com\/fr\/?s={search_term_string}"},"query-input":{"@type":"PropertyValueSpecification","valueRequired":true,"valueName":"search_term_string"}}],"inLanguage":"fr-FR"}]}},"_links":{"self":[{"href":"https:\/\/ghatapartments.com\/fr\/wp-json\/wp\/v2\/pages\/17283","targetHints":{"allow":["GET"]}}],"collection":[{"href":"https:\/\/ghatapartments.com\/fr\/wp-json\/wp\/v2\/pages"}],"about":[{"href":"https:\/\/ghatapartments.com\/fr\/wp-json\/wp\/v2\/types\/page"}],"author":[{"embeddable":true,"href":"https:\/\/ghatapartments.com\/fr\/wp-json\/wp\/v2\/users\/1"}],"replies":[{"embeddable":true,"href":"https:\/\/ghatapartments.com\/fr\/wp-json\/wp\/v2\/comments?post=17283"}],"version-history":[{"count":7,"href":"https:\/\/ghatapartments.com\/fr\/wp-json\/wp\/v2\/pages\/17283\/revisions"}],"predecessor-version":[{"id":17322,"href":"https:\/\/ghatapartments.com\/fr\/wp-json\/wp\/v2\/pages\/17283\/revisions\/17322"}],"wp:attachment":[{"href":"https:\/\/ghatapartments.com\/fr\/wp-json\/wp\/v2\/media?parent=17283"}],"curies":[{"name":"wp","href":"https:\/\/api.w.org\/{rel}","templated":true}]}}